{"id":57,"date":"2025-12-07T18:15:14","date_gmt":"2025-12-07T18:15:14","guid":{"rendered":"https:\/\/fabricehugele2026.fr\/?page_id=57"},"modified":"2026-03-16T09:51:38","modified_gmt":"2026-03-16T09:51:38","slug":"ils-nous-soutiennent","status":"publish","type":"page","link":"https:\/\/fabricehugele2026.fr\/index.php\/ils-nous-soutiennent\/","title":{"rendered":"Ils nous soutiennent"},"content":{"rendered":"\n<div class=\"wp-block-columns is-layout-flex wp-container-core-columns-is-layout-28f84493 wp-block-columns-is-layout-flex\">\n<div class=\"wp-block-column is-layout-flow wp-block-column-is-layout-flow\">\n<div class=\"wp-block-media-text is-stacked-on-mobile\" style=\"grid-template-columns:43% auto\"><figure class=\"wp-block-media-text__media\"><img loading=\"lazy\" decoding=\"async\" width=\"1024\" height=\"1024\" src=\"https:\/\/fabricehugele2026.fr\/wp-content\/uploads\/2026\/03\/Seyssins-municipales-Didier-Migaud-1024x1024.png\" alt=\"\" class=\"wp-image-294 size-full\" srcset=\"https:\/\/fabricehugele2026.fr\/wp-content\/uploads\/2026\/03\/Seyssins-municipales-Didier-Migaud-1024x1024.png 1024w, https:\/\/fabricehugele2026.fr\/wp-content\/uploads\/2026\/03\/Seyssins-municipales-Didier-Migaud-300x300.png 300w, https:\/\/fabricehugele2026.fr\/wp-content\/uploads\/2026\/03\/Seyssins-municipales-Didier-Migaud-150x150.png 150w, https:\/\/fabricehugele2026.fr\/wp-content\/uploads\/2026\/03\/Seyssins-municipales-Didier-Migaud-768x767.png 768w, https:\/\/fabricehugele2026.fr\/wp-content\/uploads\/2026\/03\/Seyssins-municipales-Didier-Migaud.png 1086w\" sizes=\"auto, (max-width: 1024px) 100vw, 1024px\" \/><\/figure><div class=\"wp-block-media-text__content\">\n<h3 class=\"wp-block-heading\">Didier Migaud<\/h3>\n\n\n\n<h4 class=\"wp-block-heading\">Ancien maire, ancien ministre, co-pr\u00e9sident du comit\u00e9 <br>de soutien<\/h4>\n<\/div><\/div>\n\n\n\n<figure class=\"wp-block-image alignleft size-full is-resized\"><img loading=\"lazy\" decoding=\"async\" width=\"319\" height=\"231\" src=\"https:\/\/fabricehugele2026.fr\/wp-content\/uploads\/2026\/03\/Guillemets.png\" alt=\"\" class=\"wp-image-299\" style=\"width:130px;height:auto\" srcset=\"https:\/\/fabricehugele2026.fr\/wp-content\/uploads\/2026\/03\/Guillemets.png 319w, https:\/\/fabricehugele2026.fr\/wp-content\/uploads\/2026\/03\/Guillemets-300x217.png 300w\" sizes=\"auto, (max-width: 319px) 100vw, 319px\" \/><\/figure>\n\n\n\n<p><em><strong>Ch\u00e8res Seyssinoises, chers Seyssinois,<\/strong><br><\/em><br><em>Si ma famille et moi avons quitt\u00e9 Seyssins pour Paris, nous restons Seyssinois de c\u0153ur. Tellement de souvenirs restent ancr\u00e9s en nous. Ce fut pour moi un grand honneur d\u2019avoir la confiance des Seyssinoises et Seyssinois, me permettant d\u2019agir au mieux avec mes \u00e9quipes dans l\u2019int\u00e9r\u00eat de la commune et de ses habitants.<br>Je sais tout le travail fait par celles et ceux qui nous ont succ\u00e9d\u00e9, en particulier par les \u00e9quipes dirig\u00e9es par Fabrice Hugel\u00e9. Il a su, je crois, s\u2019inscrire dans la continuit\u00e9 des maires et \u00e9quipes qui l\u2019ont pr\u00e9c\u00e9d\u00e9, avec toujours le souci du dialogue, du respect, de l\u2019\u00e9coute et de l\u2019int\u00e9r\u00eat g\u00e9n\u00e9ral.<br>Je suis heureux de co-pr\u00e9sider avec Margaux Donzel le comit\u00e9 de soutien de la liste qu\u2019il conduit. J\u2019ai pu participer \u00e0 la pr\u00e9sentation de cette derni\u00e8re et mesurer la qualit\u00e9 et l\u2019engagement de chacune, chacun dans un collectif pluriel, aux \u00e2ges et aux profils \u00e0 la fois divers et compl\u00e9mentaires.<br>Je mesure le contexte difficile dans lequel les \u00e9lus aujourd\u2019hui doivent travailler et l\u2019atout que peut repr\u00e9senter l\u2019exp\u00e9rience d\u2019une \u00e9quipe \u00e0 la fois sortante et renouvel\u00e9e. Seyssins est une commune appr\u00e9ci\u00e9e pour sa qualit\u00e9 de vie, son cadre, la richesse de sa vie associative et la diversit\u00e9 de ses \u00e9quipements.<br>Je fais confiance \u00e0 Fabrice Hugel\u00e9 et \u00e0 sa liste pour que Seyssins reste une commune o\u00f9 il fait toujours bon vivre avec des \u00e9lus pr\u00e9sents, attach\u00e9s \u00e0 consid\u00e9rer les Seyssinoises et Seyssinois comme la premi\u00e8re richesse et le principal atout de la commune.<\/em><\/p>\n\n\n\n<hr class=\"wp-block-separator has-alpha-channel-opacity\"\/>\n\n\n\n<div class=\"wp-block-media-text is-stacked-on-mobile\" style=\"grid-template-columns:44% auto\"><figure class=\"wp-block-media-text__media\"><img loading=\"lazy\" decoding=\"async\" width=\"1024\" height=\"1024\" src=\"https:\/\/fabricehugele2026.fr\/wp-content\/uploads\/2026\/03\/Seyssins-Municioales-Margaux-Donzel-copie-1-1024x1024.png\" alt=\"\" class=\"wp-image-296 size-full\" srcset=\"https:\/\/fabricehugele2026.fr\/wp-content\/uploads\/2026\/03\/Seyssins-Municioales-Margaux-Donzel-copie-1-1024x1024.png 1024w, https:\/\/fabricehugele2026.fr\/wp-content\/uploads\/2026\/03\/Seyssins-Municioales-Margaux-Donzel-copie-1-300x300.png 300w, https:\/\/fabricehugele2026.fr\/wp-content\/uploads\/2026\/03\/Seyssins-Municioales-Margaux-Donzel-copie-1-150x150.png 150w, https:\/\/fabricehugele2026.fr\/wp-content\/uploads\/2026\/03\/Seyssins-Municioales-Margaux-Donzel-copie-1-768x767.png 768w, https:\/\/fabricehugele2026.fr\/wp-content\/uploads\/2026\/03\/Seyssins-Municioales-Margaux-Donzel-copie-1.png 1086w\" sizes=\"auto, (max-width: 1024px) 100vw, 1024px\" \/><\/figure><div class=\"wp-block-media-text__content\">\n<h3 class=\"wp-block-heading\">Margaux Donzel<\/h3>\n\n\n\n<h4 class=\"wp-block-heading\">Ancienne Amazone du FCG, co-pr\u00e9sidente du comit\u00e9 de soutien<\/h4>\n<\/div><\/div>\n\n\n\n<figure class=\"wp-block-image alignleft size-full is-resized\"><img loading=\"lazy\" decoding=\"async\" width=\"319\" height=\"231\" src=\"https:\/\/fabricehugele2026.fr\/wp-content\/uploads\/2026\/03\/Guillemets.png\" alt=\"\" class=\"wp-image-299\" style=\"width:130px;height:auto\" srcset=\"https:\/\/fabricehugele2026.fr\/wp-content\/uploads\/2026\/03\/Guillemets.png 319w, https:\/\/fabricehugele2026.fr\/wp-content\/uploads\/2026\/03\/Guillemets-300x217.png 300w\" sizes=\"auto, (max-width: 319px) 100vw, 319px\" \/><\/figure>\n\n\n\n<p><strong>Ch\u00e8res Seyssinoises, chers Seyssinois,<\/strong><br><br><em>Je suis toujours tr\u00e8s fi\u00e8re lorsque dans une conversation ma ville est \u00e9voqu\u00e9e. Je suis fi\u00e8re car j\u2019y ai pass\u00e9 mon enfance, mon adolescence, ma scolarit\u00e9 donc, mais \u00e9galement mes premiers pas dans ma vie de sportive de haut niveau gr\u00e2ce au Rugby Club Seyssins. Des souvenirs grav\u00e9s pour toujours.<br>Cette ville \u00e0 plusieurs \u00e9tages, \u00e0 plusieurs visages, qui garde sa qui\u00e9tude gr\u00e2ce \u00e0 Fabrice Hugel\u00e9 et son \u00e9quipe de personnalit\u00e9s engag\u00e9es, des personnalit\u00e9s diff\u00e9rentes mais toutes unies pour un m\u00eame but&nbsp;: garder cette \u00e2me de village tout en \u00e9tant tourn\u00e9 vers le progr\u00e8s, l\u2019accessibilit\u00e9 et l\u2019\u00e9quilibre entre nos anciens et notre jeunesse.<br>Fabrice m\u2019a fait l\u2019honneur de me demander de co-pr\u00e9sider son comit\u00e9 de soutien avec notre cher Didier Migaud, qui avant lui a fait beaucoup pour notre ville. Il a su mettre en marche ce que Fabrice continu de porter \u00e0 ce jour.<br>En nous engageant aux c\u00f4t\u00e9s de Fabrice, nous savons qu\u2019il continuera, ainsi que ses \u00ab&nbsp;co\u00e9quipi\u00e8res et co\u00e9quipiers&nbsp;\u00bb \u00e0 d\u00e9fendre les int\u00e9r\u00eats de chacun, malgr\u00e9 le contexte difficile. \u00c0 faire en sorte que la qualit\u00e9 de vie dans notre ville puisse prosp\u00e9rer et que chacun y trouve sa place.<\/em><\/p>\n\n\n\n<hr class=\"wp-block-separator has-alpha-channel-opacity\"\/>\n\n\n\n<div class=\"wp-block-columns is-layout-flex wp-container-core-columns-is-layout-28f84493 wp-block-columns-is-layout-flex\">\n<div class=\"wp-block-column is-layout-flow wp-block-column-is-layout-flow\">\n<h3 class=\"wp-block-heading\">Michel Vergnolle<\/h3>\n\n\n\n<figure class=\"wp-block-image alignleft size-full is-resized\"><img loading=\"lazy\" decoding=\"async\" width=\"319\" height=\"231\" src=\"https:\/\/fabricehugele2026.fr\/wp-content\/uploads\/2026\/03\/Guillemets.png\" alt=\"\" class=\"wp-image-299\" style=\"aspect-ratio:1.3810198598763326;width:101px;height:auto\" srcset=\"https:\/\/fabricehugele2026.fr\/wp-content\/uploads\/2026\/03\/Guillemets.png 319w, https:\/\/fabricehugele2026.fr\/wp-content\/uploads\/2026\/03\/Guillemets-300x217.png 300w\" sizes=\"auto, (max-width: 319px) 100vw, 319px\" \/><\/figure>\n\n\n\n<p><em>On devine que les temps qui viennent seront compliqu\u00e9s pour notre pays, nos territoires, nos communes. C\u2019est pourquoi je fais confiance \u00e0 Fabrice Hugel\u00e9 qui a l\u2019exp\u00e9rience pour conduire notre commune et la capacit\u00e9 \u00e0 souder son \u00e9quipe et au-del\u00e0, nos concitoyens.<br>Et ceci afin que nous partagions, ensemble, les d\u00e9cisions les mieux adapt\u00e9es pour garder Seyssins toujours aussi attentive au bien vivre ensemble dans les temps qui viennent. J\u2019apporte donc bien volontiers mon soutien \u00e0 la liste Seyssins Nature et Solidaire conduite par Fabrice Hugel\u00e9.<\/em><\/p>\n<\/div>\n\n\n\n<div class=\"wp-block-column is-layout-flow wp-block-column-is-layout-flow\">\n<h3 class=\"wp-block-heading\">Fr\u00e9d\u00e9ric et <br>Christina Dupont<\/h3>\n\n\n\n<figure class=\"wp-block-image alignleft size-full is-resized\"><img loading=\"lazy\" decoding=\"async\" width=\"319\" height=\"231\" src=\"https:\/\/fabricehugele2026.fr\/wp-content\/uploads\/2026\/03\/Guillemets.png\" alt=\"\" class=\"wp-image-299\" style=\"aspect-ratio:1.3810198598763326;width:101px;height:auto\" srcset=\"https:\/\/fabricehugele2026.fr\/wp-content\/uploads\/2026\/03\/Guillemets.png 319w, https:\/\/fabricehugele2026.fr\/wp-content\/uploads\/2026\/03\/Guillemets-300x217.png 300w\" sizes=\"auto, (max-width: 319px) 100vw, 319px\" \/><\/figure>\n\n\n\n<p><em>Fabrice et son \u00e9quipe font preuve d\u2019un remarquable engagement quotidien sur le terrain. Ils savent \u00eatre \u00e0 l\u2019\u00e9coute des citoyens et des associations, notamment dans les domaines du social et de la jeunesse&nbsp;: nous l\u2019avons constat\u00e9 lors des actions que nous avons port\u00e9es ces derni\u00e8res ann\u00e9es<br>Par ailleurs, ils ont su pr\u00e9server le cadre de vie unique \u00e0 Seyssins, dans un contexte \u00e9conomique compliqu\u00e9.<br>Nous leur apportons tout notre soutien.<\/em><\/p>\n<\/div>\n<\/div>\n\n\n\n<hr class=\"wp-block-separator has-alpha-channel-opacity\"\/>\n\n\n\n<div class=\"wp-block-columns is-layout-flex wp-container-core-columns-is-layout-28f84493 wp-block-columns-is-layout-flex\">\n<div class=\"wp-block-column is-layout-flow wp-block-column-is-layout-flow\">\n<h3 class=\"wp-block-heading\">Adem Krasniqi<\/h3>\n\n\n\n<figure class=\"wp-block-image alignleft size-full is-resized\"><img loading=\"lazy\" decoding=\"async\" width=\"319\" height=\"231\" src=\"https:\/\/fabricehugele2026.fr\/wp-content\/uploads\/2026\/03\/Guillemets.png\" alt=\"\" class=\"wp-image-299\" style=\"aspect-ratio:1.3810198598763326;width:101px;height:auto\" srcset=\"https:\/\/fabricehugele2026.fr\/wp-content\/uploads\/2026\/03\/Guillemets.png 319w, https:\/\/fabricehugele2026.fr\/wp-content\/uploads\/2026\/03\/Guillemets-300x217.png 300w\" sizes=\"auto, (max-width: 319px) 100vw, 319px\" \/><\/figure>\n\n\n\n<p><em>\u00c0 49 ans, en tant qu\u2019habitant de cette commune, je tiens \u00e0 souligner l\u2019engagement constant de Monsieur le Maire au service de tous. C\u2019est un \u00e9lu profond\u00e9ment connect\u00e9 aux r\u00e9alit\u00e9s du terrain, proche des habitants, attentif aux familles et \u00e0 l\u2019ensemble des infrastructures de notre ville.<br>Sa pr\u00e9sence r\u00e9guli\u00e8re, son \u00e9coute et sa capacit\u00e9 \u00e0 dialoguer avec chacun t\u00e9moignent d\u2019un v\u00e9ritable sens des responsabilit\u00e9s. Son action s\u2019inscrit dans la continuit\u00e9, avec s\u00e9rieux et d\u00e9termination, toujours guid\u00e9e par l\u2019int\u00e9r\u00eat g\u00e9n\u00e9ral et le bien-\u00eatre des g\u00e9n\u00e9rations pr\u00e9sentes et futures.<\/em><\/p>\n<\/div>\n\n\n\n<div class=\"wp-block-column is-layout-flow wp-block-column-is-layout-flow\">\n<h3 class=\"wp-block-heading\">D\u00e9lia Morot\u00e9<\/h3>\n\n\n\n<figure class=\"wp-block-image alignleft size-full is-resized\"><img loading=\"lazy\" decoding=\"async\" width=\"319\" height=\"231\" src=\"https:\/\/fabricehugele2026.fr\/wp-content\/uploads\/2026\/03\/Guillemets.png\" alt=\"\" class=\"wp-image-299\" style=\"aspect-ratio:1.3810198598763326;width:101px;height:auto\" srcset=\"https:\/\/fabricehugele2026.fr\/wp-content\/uploads\/2026\/03\/Guillemets.png 319w, https:\/\/fabricehugele2026.fr\/wp-content\/uploads\/2026\/03\/Guillemets-300x217.png 300w\" sizes=\"auto, (max-width: 319px) 100vw, 319px\" \/><\/figure>\n\n\n\n<p>Apr\u00e8s 18 ann\u00e9es d\u2019engagement au service de Seyssins, dont plusieurs en tant que premi\u00e8re adjointe, je mesure pleinement les d\u00e9fis auxquels nos communes sont aujourd\u2019hui confront\u00e9es. Le contexte financier et institutionnel exige \u00e0 la fois de l\u2019exp\u00e9rience, de la stabilit\u00e9 et une capacit\u00e9 \u00e0 se renouveler.<br>Je connais l\u2019engagement de Fabrice Hugel\u00e9, sa connaissance fine de Seyssins et de ses habitants, ainsi que sa capacit\u00e9 \u00e0 rassembler une \u00e9quipe solide, compos\u00e9e d\u2019\u00e9lus exp\u00e9riment\u00e9s et de nouveaux talents investis.<br>J\u2019apporte donc tout mon soutien \u00e0 la liste Seyssins Nature et Solidaire, convaincue qu\u2019elle est la plus \u00e0 m\u00eame de r\u00e9pondre aux attentes des Seyssinoises et des Seyssinois et de pr\u00e9parer sereinement l\u2019avenir de notre commune.<\/p>\n<\/div>\n<\/div>\n\n\n\n<hr class=\"wp-block-separator has-alpha-channel-opacity\"\/>\n\n\n\n<div class=\"wp-block-columns is-layout-flex wp-container-core-columns-is-layout-28f84493 wp-block-columns-is-layout-flex\">\n<div class=\"wp-block-column is-layout-flow wp-block-column-is-layout-flow\">\n<h3 class=\"wp-block-heading\">Vincent Marcet<\/h3>\n\n\n\n<figure class=\"wp-block-image alignleft size-full is-resized\"><img loading=\"lazy\" decoding=\"async\" width=\"319\" height=\"231\" src=\"https:\/\/fabricehugele2026.fr\/wp-content\/uploads\/2026\/03\/Guillemets.png\" alt=\"\" class=\"wp-image-299\" style=\"aspect-ratio:1.3810198598763326;width:101px;height:auto\" srcset=\"https:\/\/fabricehugele2026.fr\/wp-content\/uploads\/2026\/03\/Guillemets.png 319w, https:\/\/fabricehugele2026.fr\/wp-content\/uploads\/2026\/03\/Guillemets-300x217.png 300w\" sizes=\"auto, (max-width: 319px) 100vw, 319px\" \/><\/figure>\n\n\n\n<p><em>En tant que restaurateur install\u00e9 \u00e0 Seyssins depuis plusieurs ann\u00e9es, je mesure chaque jour l\u2019importance d\u2019un environnement local dynamique et soutenant.<br>Avec mon \u00e9pouse Estelle, nous avons lanc\u00e9 notre food truck \u00e0 Beauvallet en 2019, avant d\u2019ouvrir en 2022 notre restaurant \u00ab Chez Marcet \u00bb, puis de reprendre en 2024 le restaurant du golf. \u00c0 chaque \u00e9tape, nous avons trouv\u00e9 aupr\u00e8s de la municipalit\u00e9 une \u00e9coute attentive et un dialogue constructif.<br>Fabrice Hugel\u00e9 est engag\u00e9 pour le d\u00e9veloppement \u00e9conomique de la commune, le dynamisme de ses commerces et la valorisation des savoir-faire locaux. Il sait pr\u00e9server le cadre de vie des habitants tout en permettant aux entrepreneurs d\u2019avancer.<br>L\u2019obtention du titre de Ma\u00eetre Restaurateur en 2024 a \u00e9t\u00e9 une grande fiert\u00e9 pour nous. Elle refl\u00e8te notre exigence de qualit\u00e9 et notre attachement aux circuits courts, des valeurs que nous partageons pour Seyssins.<\/em><\/p>\n\n\n\n<hr class=\"wp-block-separator has-alpha-channel-opacity\"\/>\n\n\n\n<div class=\"wp-block-columns is-layout-flex wp-container-core-columns-is-layout-28f84493 wp-block-columns-is-layout-flex\">\n<div class=\"wp-block-column is-layout-flow wp-block-column-is-layout-flow\">\n<p class=\"has-primary-color has-text-color has-link-color wp-elements-2881dfae8606ed178f12bc3186d924cb\"><strong>ANGER<\/strong> Pierre \u2022 <strong>ARDISSONE<\/strong> Michel \u2022 <strong>ARRIBAS<\/strong> Elisenda \u2022 <strong>ARSAC<\/strong> G\u00e9rard \u2022 <strong>AUBRUN<\/strong> Isabelle \u2022 <strong>BALDUCCI<\/strong> Lionel \u2022 <strong>BARET<\/strong> Claude \u2022 <strong>BARTHALAY<\/strong> Lionel \u2022 <strong>BEN EL HADJ SALEM<\/strong> Zyed \u2022 <strong>BLAS<\/strong> Laurent \u2022 <strong>BORRE<\/strong> H\u00e9l\u00e8ne \u2022 <strong>BORRE<\/strong> Serge \u2022 <strong>BOUCHER<\/strong> Alain \u2022 <strong>BUISSIERE<\/strong> Roger \u2022 <strong>CANO<\/strong> St\u00e9phane \u2022 <strong>CANO<\/strong> Aslan \u2022 <strong>CHARDON<\/strong> Anne-Sophie \u2022 <strong>CHAUSSEBLANCHE<\/strong> Justine \u2022 <strong>CHEVALLIER<\/strong> Philippe \u2022 <strong>CHOUGOUL<\/strong> Hatem \u2022 <strong>CIANCI<\/strong> Ana\u00efs \u2022 <strong>CLARET<\/strong> Sophie \u2022 <strong>CLAVERIE DE REGGI<\/strong> C\u00e9line \u2022 <strong>COLLOT<\/strong> C\u00e9cile \u2022 <strong>COLLOT<\/strong> Florent \u2022 <strong>COLLOT<\/strong> Christian \u2022 <strong>COLLOVATI<\/strong> Jeannine \u2022 <strong>CORONA<\/strong> Maxime \u2022 <strong>CORREIA<\/strong> Madison \u2022 <strong>COULEARD DESFORGES<\/strong> Georges \u2022 <strong>DANGLES<\/strong> G\u00e9rard \u2022 <strong>DARDENNE<\/strong> Mariette \u2022 <strong>DELLA VEDOVA<\/strong> Jean-Charles \u2022 <strong>DELLA VEDOVA<\/strong> Maryse \u2022 <strong>DE REGGI<\/strong> Josiane \u2022 <strong>DECITRE<\/strong> Lou \u2022 <strong>DONZEL<\/strong> Margaux \u2022 <strong>DIBILIO<\/strong> Rose \u2022 <strong>DIJOUX<\/strong> Martine \u2022 <strong>DUPONT<\/strong> Christina \u2022 <strong>DUPONT<\/strong> Fr\u00e9d\u00e9ric \u2022 <strong>DURAND<\/strong> Juliette \u2022 <strong>EHRSAM<\/strong> Olivier \u2022 <strong>ESTEVE<\/strong> Florence \u2022 <strong>FOURNIER<\/strong> Francis \u2022 <strong>FR\u00c9CON<\/strong> Yves \u2022 <strong>GAGNI\u00c8RE<\/strong> Alain \u2022 <strong>GAILLARD<\/strong> Laurent \u2022 <strong>GALINDO<\/strong> Marie \u2022 <strong>GAMONET<\/strong> Carine \u2022 <strong>GAY<\/strong> Sophie \u2022 <strong>GHEERAERT<\/strong> Eric \u2022 <strong>GILABERT<\/strong> Monique \u2022 <strong>GOMES DIAS<\/strong> Manuel \u2022 <strong>GRANATA<\/strong> Horace \u2022 <strong>GRINGELLI ROUGE<\/strong> Clara \u2022 <strong>GUINTINI<\/strong> Jean-Pierre \u2022 <strong>GUINTINI<\/strong> Isabelle \u2022 <strong>GUINTINI<\/strong> Jean-Pierre \u2022 <strong>GUINTINI<\/strong> Maryvonne \u2022 <strong>HUGEL\u00c9<\/strong> Yvette \u2022 <strong>HUGEL\u00c9<\/strong> Michel \u2022 <strong>HUGEL\u00c9<\/strong> Christophe \u2022 <strong>GUIRONNET<\/strong> C\u00e9cile \u2022 <strong>HUGEL\u00c9<\/strong> Carole \u2022 <strong>HUGEL\u00c9<\/strong> Laurette \u2022 <strong>IMBERT CHOREL<\/strong> V\u00e9ronique \u2022 <strong>ISS<\/strong> Laurent \u2022 <strong>JAYMOND<\/strong> Fran\u00e7oise \u2022 <strong>JAYMOND<\/strong> Jean-Paul \u2022 <strong>JOUANNARD<\/strong> Gilles \u2022 <strong>KRASNIQI<\/strong> Adem \u2022 <strong>LE NAOUR<\/strong> Fran\u00e7ois \u2022 <strong>MARCET<\/strong> Nadine \u2022 <strong>MARCET<\/strong> Vincent \u2022 <strong>MARRANO<\/strong> Marion \u2022 <strong>MARRANO<\/strong> Fabien \u2022 <strong>MARY<\/strong> Jean-Fran\u00e7ois \u2022 <strong>MARY<\/strong> Fabien \u2022 <strong>MIGAUD<\/strong> Didier \u2022 <strong>MIGAUD<\/strong> Patricia \u2022 <strong>MIRCOVICH<\/strong> Anne-Marie \u2022 <strong>MORICE<\/strong> Jean-Claude \u2022 <strong>MOROT\u00c9<\/strong> D\u00e9lia \u2022 <strong>MOROT\u00c9<\/strong> Marc \u2022 <strong>NOCCA<\/strong> Nicolas \u2022 <strong>PAPPAS<\/strong> \u00c9lodie \u2022 <strong>PASQUIOU<\/strong> Charlotte \u2022 <strong>PHILIBERT<\/strong> Jean-Louis \u2022 <strong>PHILIBERT<\/strong> Lydie \u2022 <strong>PILLOT<\/strong> Francis \u2022 <strong>PLANT\u00c9<\/strong> Gilette \u2022 <strong>PLANT\u00c9<\/strong> Michel \u2022 <strong>PLUBEAU MAZEAUD<\/strong> Christine \u2022 <strong>POMMIER<\/strong> Chehrazade \u2022 <strong>PRADAL<\/strong> Robert \u2022 <strong>PROUTE<\/strong> Jean-Pierre \u2022 <strong>PROUTE<\/strong> Rosemary \u2022 <strong>RAMBAUD<\/strong> Didier \u2022 <strong>ROCHAS<\/strong> Fr\u00e9d\u00e9ric \u2022 <strong>ROCHE<\/strong> Chantal \u2022 <strong>ROCHEL<\/strong> Karine \u2022 <strong>ROUILLON<\/strong> St\u00e9phane \u2022 <strong>ROUX<\/strong> Lucie \u2022 <strong>SABATIER<\/strong> Hubert \u2022 <strong>SABATIER<\/strong> Huguette \u2022 <strong>SALLET<\/strong> Nicolas \u2022 <strong>SARRADIN<\/strong> Albane \u2022 <strong>SAUER<\/strong> Rachel \u2022 <strong>STEINMETZ<\/strong> Louis \u2022 <strong>TABELING<\/strong> Colette \u2022 <strong>THEPAUT<\/strong> Marie-Christine \u2022 <strong>TOLLENAERE<\/strong> Michel \u2022 <strong>TRONQUIT<\/strong> St\u00e9phane \u2022 <strong>VERGNOLLE<\/strong> Claudine \u2022 <strong>VERGNOLLE<\/strong> Michel \u2022 <strong>VILLA<\/strong> Carine \u2022 <strong>VITON<\/strong> Virginie<\/p>\n\n\n\n<p class=\"has-primary-color has-text-color has-link-color wp-elements-d699dced02a237df196fb9cbe0771199\"><strong>\u2026<\/strong><\/p>\n<\/div>\n<\/div>\n<\/div>\n<\/div>\n<\/div>\n<\/div>\n\n\n\n<p><\/p>\n","protected":false},"excerpt":{"rendered":"<p>Didier Migaud Ancien maire, ancien ministre, co-pr\u00e9sident du comit\u00e9 de soutien Ch\u00e8res Seyssinoises, chers Seyssinois,Si ma famille et moi avons quitt\u00e9 Seyssins pour Paris, nous restons Seyssinois de c\u0153ur. Tellement de souvenirs restent ancr\u00e9s en nous. Ce fut pour moi un grand honneur d\u2019avoir la confiance des Seyssinoises et Seyssinois, me permettant d\u2019agir au mieux [&hellip;]<\/p>\n","protected":false},"author":1,"featured_media":0,"parent":0,"menu_order":0,"comment_status":"closed","ping_status":"closed","template":"","meta":{"footnotes":""},"class_list":["post-57","page","type-page","status-publish","hentry"],"_links":{"self":[{"href":"https:\/\/fabricehugele2026.fr\/index.php\/wp-json\/wp\/v2\/pages\/57","targetHints":{"allow":["GET"]}}],"collection":[{"href":"https:\/\/fabricehugele2026.fr\/index.php\/wp-json\/wp\/v2\/pages"}],"about":[{"href":"https:\/\/fabricehugele2026.fr\/index.php\/wp-json\/wp\/v2\/types\/page"}],"author":[{"embeddable":true,"href":"https:\/\/fabricehugele2026.fr\/index.php\/wp-json\/wp\/v2\/users\/1"}],"replies":[{"embeddable":true,"href":"https:\/\/fabricehugele2026.fr\/index.php\/wp-json\/wp\/v2\/comments?post=57"}],"version-history":[{"count":13,"href":"https:\/\/fabricehugele2026.fr\/index.php\/wp-json\/wp\/v2\/pages\/57\/revisions"}],"predecessor-version":[{"id":352,"href":"https:\/\/fabricehugele2026.fr\/index.php\/wp-json\/wp\/v2\/pages\/57\/revisions\/352"}],"wp:attachment":[{"href":"https:\/\/fabricehugele2026.fr\/index.php\/wp-json\/wp\/v2\/media?parent=57"}],"curies":[{"name":"wp","href":"https:\/\/api.w.org\/{rel}","templated":true}]}}