{"id":53,"date":"2025-12-07T18:14:11","date_gmt":"2025-12-07T18:14:11","guid":{"rendered":"https:\/\/fabricehugele2026.fr\/?page_id=53"},"modified":"2026-03-10T19:33:20","modified_gmt":"2026-03-10T19:33:20","slug":"actualites","status":"publish","type":"page","link":"https:\/\/fabricehugele2026.fr\/index.php\/actualites\/","title":{"rendered":"Actualit\u00e9s"},"content":{"rendered":"\n<div class=\"wp-block-media-text is-stacked-on-mobile is-vertically-aligned-center\" style=\"grid-template-columns:35% auto\"><figure class=\"wp-block-media-text__media\"><img loading=\"lazy\" decoding=\"async\" width=\"1024\" height=\"1024\" src=\"https:\/\/fabricehugele2026.fr\/wp-content\/uploads\/2025\/12\/muncipales-2026-seyssins-1024x1024.jpg\" alt=\"\" class=\"wp-image-272 size-full\" srcset=\"https:\/\/fabricehugele2026.fr\/wp-content\/uploads\/2025\/12\/muncipales-2026-seyssins-1024x1024.jpg 1024w, https:\/\/fabricehugele2026.fr\/wp-content\/uploads\/2025\/12\/muncipales-2026-seyssins-300x300.jpg 300w, https:\/\/fabricehugele2026.fr\/wp-content\/uploads\/2025\/12\/muncipales-2026-seyssins-150x150.jpg 150w, https:\/\/fabricehugele2026.fr\/wp-content\/uploads\/2025\/12\/muncipales-2026-seyssins-768x768.jpg 768w, https:\/\/fabricehugele2026.fr\/wp-content\/uploads\/2025\/12\/muncipales-2026-seyssins-1536x1536.jpg 1536w, https:\/\/fabricehugele2026.fr\/wp-content\/uploads\/2025\/12\/muncipales-2026-seyssins.jpg 2000w\" sizes=\"auto, (max-width: 1024px) 100vw, 1024px\" \/><\/figure><div class=\"wp-block-media-text__content\">\n<h3 class=\"wp-block-heading has-primary-color has-text-color has-link-color wp-elements-cbd56e029b69e4aa399ab8a3ca1e8b5b\">Seyssins, \u00c9lections Municipales<\/h3>\n\n\n\n<blockquote class=\"wp-block-quote is-layout-flow wp-block-quote-is-layout-flow\">\n<p class=\"has-medium-font-size\">&gt; <strong>Jeudi 5 mars &#8211; 18h30 <\/strong>|<br>Espace sportif Beauvallet<br>&gt; <strong>Vendredi 6 mars &#8211; 18h30 <\/strong>| <br>Centre culturel Montrigaud<br>En pr\u00e9sence de Didier Migaud, ancien maire et co-pr\u00e9sident de notre comit\u00e9 de soutien.<br>&gt; <strong>Jeudi 12 mars &#8211; 18h30 |<\/strong> <br>Salle Condorcet<br>&gt; <strong>Vendredi 13 mars &#8211; 18h30 |<\/strong><br> Salle Simone-Veil<\/p>\n<\/blockquote>\n\n\n\n<hr class=\"wp-block-separator has-alpha-channel-opacity\"\/>\n<\/div><\/div>\n\n\n\n<figure class=\"wp-block-embed is-type-video is-provider-youtube wp-block-embed-youtube wp-embed-aspect-16-9 wp-has-aspect-ratio\"><div class=\"wp-block-embed__wrapper\">\n<iframe loading=\"lazy\" title=\"R\u00e9union publique de la liste \u201cSeyssins Nature &amp; Solidaire&quot; en pr\u00e9sence de Didier Migaud.\" width=\"500\" height=\"281\" src=\"https:\/\/www.youtube.com\/embed\/TmZVSg8Glis?feature=oembed\" frameborder=\"0\" allow=\"accelerometer; autoplay; clipboard-write; encrypted-media; gyroscope; picture-in-picture; web-share\" referrerpolicy=\"strict-origin-when-cross-origin\" allowfullscreen><\/iframe>\n<\/div><\/figure>\n\n\n\n<h4 class=\"wp-block-heading\">Retour en vid\u00e9o de la R\u00e9union publique du 6 mars en pr\u00e9sence de Didier Migaud<\/h4>\n\n\n\n<div class=\"wp-block-media-text is-stacked-on-mobile is-vertically-aligned-center\" style=\"grid-template-columns:42% auto\"><figure class=\"wp-block-media-text__media\"><img loading=\"lazy\" decoding=\"async\" width=\"1024\" height=\"819\" src=\"https:\/\/fabricehugele2026.fr\/wp-content\/uploads\/2025\/12\/Seyssins-elections-municipales-Fabrice-Hugele-1-1024x819.jpg\" alt=\"\" class=\"wp-image-195 size-full\" srcset=\"https:\/\/fabricehugele2026.fr\/wp-content\/uploads\/2025\/12\/Seyssins-elections-municipales-Fabrice-Hugele-1-1024x819.jpg 1024w, https:\/\/fabricehugele2026.fr\/wp-content\/uploads\/2025\/12\/Seyssins-elections-municipales-Fabrice-Hugele-1-300x240.jpg 300w, https:\/\/fabricehugele2026.fr\/wp-content\/uploads\/2025\/12\/Seyssins-elections-municipales-Fabrice-Hugele-1-768x614.jpg 768w, https:\/\/fabricehugele2026.fr\/wp-content\/uploads\/2025\/12\/Seyssins-elections-municipales-Fabrice-Hugele-1-1536x1229.jpg 1536w, https:\/\/fabricehugele2026.fr\/wp-content\/uploads\/2025\/12\/Seyssins-elections-municipales-Fabrice-Hugele-1-2048x1638.jpg 2048w\" sizes=\"auto, (max-width: 1024px) 100vw, 1024px\" \/><\/figure><div class=\"wp-block-media-text__content\">\n<h3 class=\"wp-block-heading has-primary-color has-text-color has-link-color wp-elements-cbd56e029b69e4aa399ab8a3ca1e8b5b\">Seyssins, \u00c9lections Municipales<\/h3>\n\n\n\n<h4 class=\"wp-block-heading\">La presse parle de Seyssins Nature et Solidaire<\/h4>\n\n\n\n<blockquote class=\"wp-block-quote is-layout-flow wp-block-quote-is-layout-flow\">\n<p class=\"has-medium-font-size\"><strong><em>\u00ab\u00a0Je sollicite une nouvelle fois la confiance des Seyssinois\u00a0\u00bb<\/em><\/strong><br>Fabrice Hugel\u00e9, candidat pour un troisi\u00e8me mandat<\/p>\n\n\n\n<div class=\"wp-block-buttons is-layout-flex wp-block-buttons-is-layout-flex\">\n<div class=\"wp-block-button\"><a class=\"wp-block-button__link wp-element-button\" href=\"https:\/\/www.ledauphine.com\/elections\/2026\/01\/27\/je-sollicite-une-nouvelle-fois-la-confiance-des-seyssinois-fabrice-hugele-candidat-pour-un-troisieme-mandat\" target=\"_blank\" rel=\"noopener\">Retrouvez ici l&rsquo;article complet<\/a><\/div>\n<\/div>\n<\/blockquote>\n<\/div><\/div>\n\n\n\n<h3 class=\"wp-block-heading\">R\u00e9unions d&rsquo;\u00e9changes<\/h3>\n\n\n\n<figure class=\"wp-block-gallery has-nested-images columns-default is-cropped wp-block-gallery-1 is-layout-flex wp-block-gallery-is-layout-flex\">\n<figure class=\"wp-block-image size-large\"><img loading=\"lazy\" decoding=\"async\" width=\"1024\" height=\"768\" data-id=\"169\" src=\"https:\/\/fabricehugele2026.fr\/wp-content\/uploads\/2026\/01\/seyssins-nature-et-solidaire-01-1024x768.jpg\" alt=\"\" class=\"wp-image-169\" srcset=\"https:\/\/fabricehugele2026.fr\/wp-content\/uploads\/2026\/01\/seyssins-nature-et-solidaire-01-1024x768.jpg 1024w, https:\/\/fabricehugele2026.fr\/wp-content\/uploads\/2026\/01\/seyssins-nature-et-solidaire-01-300x225.jpg 300w, https:\/\/fabricehugele2026.fr\/wp-content\/uploads\/2026\/01\/seyssins-nature-et-solidaire-01-768x576.jpg 768w, https:\/\/fabricehugele2026.fr\/wp-content\/uploads\/2026\/01\/seyssins-nature-et-solidaire-01-1536x1152.jpg 1536w, https:\/\/fabricehugele2026.fr\/wp-content\/uploads\/2026\/01\/seyssins-nature-et-solidaire-01-2048x1536.jpg 2048w\" sizes=\"auto, (max-width: 1024px) 100vw, 1024px\" \/><\/figure>\n\n\n\n<figure class=\"wp-block-image size-large\"><img loading=\"lazy\" decoding=\"async\" width=\"1024\" height=\"768\" data-id=\"170\" src=\"https:\/\/fabricehugele2026.fr\/wp-content\/uploads\/2026\/01\/seyssins-nature-et-solidaire-02-1024x768.jpg\" alt=\"\" class=\"wp-image-170\" srcset=\"https:\/\/fabricehugele2026.fr\/wp-content\/uploads\/2026\/01\/seyssins-nature-et-solidaire-02-1024x768.jpg 1024w, https:\/\/fabricehugele2026.fr\/wp-content\/uploads\/2026\/01\/seyssins-nature-et-solidaire-02-300x225.jpg 300w, https:\/\/fabricehugele2026.fr\/wp-content\/uploads\/2026\/01\/seyssins-nature-et-solidaire-02-768x576.jpg 768w, https:\/\/fabricehugele2026.fr\/wp-content\/uploads\/2026\/01\/seyssins-nature-et-solidaire-02-1536x1152.jpg 1536w, https:\/\/fabricehugele2026.fr\/wp-content\/uploads\/2026\/01\/seyssins-nature-et-solidaire-02-2048x1536.jpg 2048w\" sizes=\"auto, (max-width: 1024px) 100vw, 1024px\" \/><\/figure>\n\n\n\n<figure class=\"wp-block-image size-large\"><img loading=\"lazy\" decoding=\"async\" width=\"1024\" height=\"768\" data-id=\"168\" src=\"https:\/\/fabricehugele2026.fr\/wp-content\/uploads\/2026\/01\/seyssins-nature-et-solidaire-03-1024x768.jpg\" alt=\"\" class=\"wp-image-168\" srcset=\"https:\/\/fabricehugele2026.fr\/wp-content\/uploads\/2026\/01\/seyssins-nature-et-solidaire-03-1024x768.jpg 1024w, https:\/\/fabricehugele2026.fr\/wp-content\/uploads\/2026\/01\/seyssins-nature-et-solidaire-03-300x225.jpg 300w, https:\/\/fabricehugele2026.fr\/wp-content\/uploads\/2026\/01\/seyssins-nature-et-solidaire-03-768x576.jpg 768w, https:\/\/fabricehugele2026.fr\/wp-content\/uploads\/2026\/01\/seyssins-nature-et-solidaire-03-1536x1152.jpg 1536w, https:\/\/fabricehugele2026.fr\/wp-content\/uploads\/2026\/01\/seyssins-nature-et-solidaire-03-2048x1536.jpg 2048w\" sizes=\"auto, (max-width: 1024px) 100vw, 1024px\" \/><\/figure>\n<\/figure>\n\n\n\n<figure class=\"wp-block-gallery has-nested-images columns-default is-cropped wp-block-gallery-2 is-layout-flex wp-block-gallery-is-layout-flex\">\n<figure class=\"wp-block-image size-large\"><img loading=\"lazy\" decoding=\"async\" width=\"1024\" height=\"768\" data-id=\"161\" src=\"https:\/\/fabricehugele2026.fr\/wp-content\/uploads\/2026\/01\/Reunion-publique-seyssins-nature-et-solidaire-02-2-1024x768.jpg\" alt=\"\" class=\"wp-image-161\" srcset=\"https:\/\/fabricehugele2026.fr\/wp-content\/uploads\/2026\/01\/Reunion-publique-seyssins-nature-et-solidaire-02-2-1024x768.jpg 1024w, https:\/\/fabricehugele2026.fr\/wp-content\/uploads\/2026\/01\/Reunion-publique-seyssins-nature-et-solidaire-02-2-300x225.jpg 300w, https:\/\/fabricehugele2026.fr\/wp-content\/uploads\/2026\/01\/Reunion-publique-seyssins-nature-et-solidaire-02-2-768x576.jpg 768w, https:\/\/fabricehugele2026.fr\/wp-content\/uploads\/2026\/01\/Reunion-publique-seyssins-nature-et-solidaire-02-2-1536x1152.jpg 1536w, https:\/\/fabricehugele2026.fr\/wp-content\/uploads\/2026\/01\/Reunion-publique-seyssins-nature-et-solidaire-02-2-2048x1536.jpg 2048w\" sizes=\"auto, (max-width: 1024px) 100vw, 1024px\" \/><\/figure>\n\n\n\n<figure class=\"wp-block-image size-large\"><img loading=\"lazy\" decoding=\"async\" width=\"768\" height=\"1024\" data-id=\"163\" src=\"https:\/\/fabricehugele2026.fr\/wp-content\/uploads\/2026\/01\/Reunion-publique-seyssins-nature-et-solidaire-03-2-768x1024.jpg\" alt=\"\" class=\"wp-image-163\" srcset=\"https:\/\/fabricehugele2026.fr\/wp-content\/uploads\/2026\/01\/Reunion-publique-seyssins-nature-et-solidaire-03-2-768x1024.jpg 768w, https:\/\/fabricehugele2026.fr\/wp-content\/uploads\/2026\/01\/Reunion-publique-seyssins-nature-et-solidaire-03-2-225x300.jpg 225w, https:\/\/fabricehugele2026.fr\/wp-content\/uploads\/2026\/01\/Reunion-publique-seyssins-nature-et-solidaire-03-2-1152x1536.jpg 1152w, https:\/\/fabricehugele2026.fr\/wp-content\/uploads\/2026\/01\/Reunion-publique-seyssins-nature-et-solidaire-03-2-1536x2048.jpg 1536w, https:\/\/fabricehugele2026.fr\/wp-content\/uploads\/2026\/01\/Reunion-publique-seyssins-nature-et-solidaire-03-2-scaled.jpg 1920w\" sizes=\"auto, (max-width: 768px) 100vw, 768px\" \/><\/figure>\n\n\n\n<figure class=\"wp-block-image size-large\"><img loading=\"lazy\" decoding=\"async\" width=\"1024\" height=\"768\" data-id=\"162\" src=\"https:\/\/fabricehugele2026.fr\/wp-content\/uploads\/2026\/01\/Reunion-publique-seyssins-nature-et-solidaire-2-1024x768.jpg\" alt=\"\" class=\"wp-image-162\" srcset=\"https:\/\/fabricehugele2026.fr\/wp-content\/uploads\/2026\/01\/Reunion-publique-seyssins-nature-et-solidaire-2-1024x768.jpg 1024w, https:\/\/fabricehugele2026.fr\/wp-content\/uploads\/2026\/01\/Reunion-publique-seyssins-nature-et-solidaire-2-300x225.jpg 300w, https:\/\/fabricehugele2026.fr\/wp-content\/uploads\/2026\/01\/Reunion-publique-seyssins-nature-et-solidaire-2-768x576.jpg 768w, https:\/\/fabricehugele2026.fr\/wp-content\/uploads\/2026\/01\/Reunion-publique-seyssins-nature-et-solidaire-2-1536x1152.jpg 1536w, https:\/\/fabricehugele2026.fr\/wp-content\/uploads\/2026\/01\/Reunion-publique-seyssins-nature-et-solidaire-2-2048x1536.jpg 2048w\" sizes=\"auto, (max-width: 1024px) 100vw, 1024px\" \/><\/figure>\n<\/figure>\n\n\n\n<blockquote class=\"wp-block-quote is-layout-flow wp-block-quote-is-layout-flow\">\n<p>Vous \u00e9tiez nombreux aux premi\u00e8res r\u00e9unions de travail collaboratif pour construire le Seyssins de demain. Ateliers, d\u00e9bats, explication des comp\u00e9tence m\u00e9tropole \/commune. Chacun a pu apprendre, comprendre, participer, transmettre ses id\u00e9es pour l&rsquo;avenir de Seyssins.<\/p>\n\n\n\n<div class=\"wp-block-buttons is-layout-flex wp-block-buttons-is-layout-flex\">\n<div class=\"wp-block-button\"><a class=\"wp-block-button__link wp-element-button\" href=\"mailto:contact@fabricehugele2026.fr\">Nous contacter<\/a><\/div>\n<\/div>\n<\/blockquote>\n\n\n\n<h2 class=\"wp-block-heading\">Pr\u00e9sentation de la liste <br>Seyssins Nature et Solidaire<\/h2>\n\n\n\n<div class=\"wp-block-media-text is-stacked-on-mobile\"><figure class=\"wp-block-media-text__media\"><img loading=\"lazy\" decoding=\"async\" width=\"732\" height=\"1024\" src=\"http:\/\/fabricehugele2026.fr\/wp-content\/uploads\/2025\/12\/Fabrice-Hugele-MIgaud-732x1024.jpg\" alt=\"Seyssins, \u00e9lections municipales 15 et 22 mars 2026\nTract rencontre liste Seyssins Nature et Solidaire\" class=\"wp-image-100 size-full\" srcset=\"https:\/\/fabricehugele2026.fr\/wp-content\/uploads\/2025\/12\/Fabrice-Hugele-MIgaud-732x1024.jpg 732w, https:\/\/fabricehugele2026.fr\/wp-content\/uploads\/2025\/12\/Fabrice-Hugele-MIgaud-214x300.jpg 214w, https:\/\/fabricehugele2026.fr\/wp-content\/uploads\/2025\/12\/Fabrice-Hugele-MIgaud-768x1075.jpg 768w, https:\/\/fabricehugele2026.fr\/wp-content\/uploads\/2025\/12\/Fabrice-Hugele-MIgaud-1097x1536.jpg 1097w, https:\/\/fabricehugele2026.fr\/wp-content\/uploads\/2025\/12\/Fabrice-Hugele-MIgaud-1463x2048.jpg 1463w, https:\/\/fabricehugele2026.fr\/wp-content\/uploads\/2025\/12\/Fabrice-Hugele-MIgaud.jpg 1772w\" sizes=\"auto, (max-width: 732px) 100vw, 732px\" \/><\/figure><div class=\"wp-block-media-text__content\">\n<p><strong>Lors de cette soir\u00e9e,<br>Fabrice Hugel\u00e9 pr\u00e9sentera<br>ses colistiers.<\/strong><br>Venez \u00e9changer avec eux<br>et rencontrer les co-pr\u00e9sidents<br>du comit\u00e9 de soutien.<\/p>\n<\/div><\/div>\n","protected":false},"excerpt":{"rendered":"<p>Retour en vid\u00e9o de la R\u00e9union publique du 6 mars en pr\u00e9sence de Didier Migaud R\u00e9unions d&rsquo;\u00e9changes Pr\u00e9sentation de la liste Seyssins Nature et Solidaire Lors de cette soir\u00e9e,Fabrice Hugel\u00e9 pr\u00e9senterases colistiers.Venez \u00e9changer avec euxet rencontrer les co-pr\u00e9sidentsdu comit\u00e9 de soutien.<\/p>\n","protected":false},"author":1,"featured_media":0,"parent":0,"menu_order":1,"comment_status":"closed","ping_status":"closed","template":"","meta":{"footnotes":""},"class_list":["post-53","page","type-page","status-publish","hentry"],"_links":{"self":[{"href":"https:\/\/fabricehugele2026.fr\/index.php\/wp-json\/wp\/v2\/pages\/53","targetHints":{"allow":["GET"]}}],"collection":[{"href":"https:\/\/fabricehugele2026.fr\/index.php\/wp-json\/wp\/v2\/pages"}],"about":[{"href":"https:\/\/fabricehugele2026.fr\/index.php\/wp-json\/wp\/v2\/types\/page"}],"author":[{"embeddable":true,"href":"https:\/\/fabricehugele2026.fr\/index.php\/wp-json\/wp\/v2\/users\/1"}],"replies":[{"embeddable":true,"href":"https:\/\/fabricehugele2026.fr\/index.php\/wp-json\/wp\/v2\/comments?post=53"}],"version-history":[{"count":21,"href":"https:\/\/fabricehugele2026.fr\/index.php\/wp-json\/wp\/v2\/pages\/53\/revisions"}],"predecessor-version":[{"id":308,"href":"https:\/\/fabricehugele2026.fr\/index.php\/wp-json\/wp\/v2\/pages\/53\/revisions\/308"}],"wp:attachment":[{"href":"https:\/\/fabricehugele2026.fr\/index.php\/wp-json\/wp\/v2\/media?parent=53"}],"curies":[{"name":"wp","href":"https:\/\/api.w.org\/{rel}","templated":true}]}}