{"id":113,"date":"2026-01-17T11:15:50","date_gmt":"2026-01-17T11:15:50","guid":{"rendered":"https:\/\/fabricehugele2026.fr\/?page_id=113"},"modified":"2026-02-18T18:17:29","modified_gmt":"2026-02-18T18:17:29","slug":"notre-candidat","status":"publish","type":"page","link":"https:\/\/fabricehugele2026.fr\/index.php\/notre-candidat\/","title":{"rendered":"<h1>Notre candidat aux municipales de Seyssins<\/h1>"},"content":{"rendered":"\n<div class=\"wp-block-columns is-layout-flex wp-container-core-columns-is-layout-28f84493 wp-block-columns-is-layout-flex\">\n<div class=\"wp-block-column is-layout-flow wp-block-column-is-layout-flow\" style=\"padding-top:0;padding-bottom:0\">\n<figure class=\"wp-block-image size-large\"><img loading=\"lazy\" decoding=\"async\" width=\"1024\" height=\"418\" src=\"http:\/\/fabricehugele2026.fr\/wp-content\/uploads\/2026\/01\/Portrait-hugele-1-1024x418.jpg\" alt=\"Fabrice Hugel\u00e9, Seyssins \u00e9lections municipales 15 et 22 mars 2026\nSeyssins Nature et Solidaire\" class=\"wp-image-127\" srcset=\"https:\/\/fabricehugele2026.fr\/wp-content\/uploads\/2026\/01\/Portrait-hugele-1-1024x418.jpg 1024w, https:\/\/fabricehugele2026.fr\/wp-content\/uploads\/2026\/01\/Portrait-hugele-1-300x122.jpg 300w, https:\/\/fabricehugele2026.fr\/wp-content\/uploads\/2026\/01\/Portrait-hugele-1-768x313.jpg 768w, https:\/\/fabricehugele2026.fr\/wp-content\/uploads\/2026\/01\/Portrait-hugele-1-1536x626.jpg 1536w, https:\/\/fabricehugele2026.fr\/wp-content\/uploads\/2026\/01\/Portrait-hugele-1-2048x835.jpg 2048w\" sizes=\"auto, (max-width: 1024px) 100vw, 1024px\" \/><\/figure>\n\n\n\n<p>Madame, Monsieur,<br><\/p>\n\n\n\n<p>Les \u00e9lections municipales auront lieu les 15 et 22 mars 2026. Autour des terrains de<br>sport, lors des nombreuses animations culturelles et des r\u00e9unions publiques o\u00f9 nous<br>nous rencontrons, vous \u00eates nombreux \u00e0 me demander si je suis \u00e0 nouveau candidat<br>aux fonctions de Maire. Vos paroles, souvent, me touchent.<br>\u00catre maire d\u2019une ville de 8 300 habitants, c\u2019est vivre le quotidien \u00e0 vos c\u00f4t\u00e9s. C\u2019est<br>partager vos \u00e9motions lors des mariages, des matchs, des concerts, des f\u00eates<br>associatives, mais c\u2019est aussi \u00eatre en premi\u00e8re ligne face \u00e0 vos col\u00e8res, \u00e0 vos inqui\u00e9tudes<br>et aux difficult\u00e9s que nous traversons ensemble.<br>Ce mandat, je l\u2019exerce avec passion, parfois avec des doutes, mais toujours avec une<br>seule boussole : l\u2019int\u00e9r\u00eat de notre ville et le bien-\u00eatre de chacune et de chacun d\u2019entre<br>vous. Aujourd\u2019hui, c\u2019est avec beaucoup d\u2019\u00e9motion que je sollicite \u00e0 nouveau votre<br>confiance.<\/p>\n\n\n\n<div data-wp-context=\"{ &quot;autoclose&quot;: false, &quot;accordionItems&quot;: [] }\" data-wp-interactive=\"core\/accordion\" role=\"group\" class=\"wp-block-accordion is-layout-flow wp-block-accordion-is-layout-flow\">\n<div data-wp-class--is-open=\"state.isOpen\" data-wp-context=\"{ &quot;id&quot;: &quot;accordion-item-1&quot;, &quot;openByDefault&quot;: false }\" data-wp-init=\"callbacks.initAccordionItems\" data-wp-on-window--hashchange=\"callbacks.hashChange\" class=\"wp-block-accordion-item is-layout-flow wp-block-accordion-item-is-layout-flow\">\n<h3 class=\"wp-block-accordion-heading has-primary-color has-text-color has-link-color has-base-font-size wp-elements-e7790882f1d65859c1b43f21c25672d3\"><button aria-expanded=\"false\" aria-controls=\"accordion-item-1-panel\" data-wp-bind--aria-expanded=\"state.isOpen\" data-wp-on--click=\"actions.toggle\" data-wp-on--keydown=\"actions.handleKeyDown\" id=\"accordion-item-1\" class=\"wp-block-accordion-heading__toggle\" style=\"padding-top:0;padding-right:0;padding-bottom:0;padding-left:0\"><span class=\"wp-block-accordion-heading__toggle-icon\" aria-hidden=\"true\">+<\/span><span class=\"wp-block-accordion-heading__toggle-title\">Lire la suite<\/span><\/button><\/h3>\n\n\n\n<div inert aria-labelledby=\"accordion-item-1\" data-wp-bind--inert=\"!state.isOpen\" id=\"accordion-item-1-panel\" role=\"region\" class=\"wp-block-accordion-panel is-layout-flow wp-block-accordion-panel-is-layout-flow\">\n<p><strong>Un regard lucide sur le chemin parcouru<\/strong><br>Je ne suis pas un homme providentiel. Je suis un maire qui travaille, comme Didier<br>Migaud, maire avant moi, me l\u2019a enseign\u00e9. Je suis un maire qui \u00e9coute et qui, parfois,<br>peut se tromper. Ensemble, nous avons d\u00e9j\u00e0 fait beaucoup : commencer \u00e0 adapter<br>nos \u00e9quipements au changement climatique, valoriser notre cadre de vie, trouver de<br>nouveaux moyens pour l\u2019\u00e9ducation et la vie associative, am\u00e9liorer l\u2019accompagnement<br>des plus \u00e2g\u00e9s et des plus fragiles, renforcer la s\u00e9curit\u00e9 de chacun\u2026 Je sais qu\u2019il reste<br>tant \u00e0 faire, tant \u00e0 am\u00e9liorer, tant \u00e0 r\u00e9parer parfois.<br>L\u2019augmentation de la taxe fonci\u00e8re en 2023 a \u00e9t\u00e9 une d\u00e9cision tr\u00e8s difficile, j\u2019en ai<br>pleinement conscience. Apr\u00e8s 17 ann\u00e9es de stabilit\u00e9 fiscale et de gestion rigoureuse,<br>qui ont permis de d\u00e9sendetter la commune, les crises successives nous ont heurt\u00e9s<br>de plein fouet depuis 2020. Face \u00e0 l\u2019inflation, nous avons d\u00fb faire un choix : fermer<br>des services et des \u00e9quipements ou ajuster la fiscalit\u00e9. Comme 25% des communes<br>fran\u00e7aises, nous avons en partie compens\u00e9 la disparition de la taxe d\u2019habitation par<br>la revalorisation de la taxe fonci\u00e8re et pr\u00e9serv\u00e9 notre service public. Aujourd\u2019hui,<br>gr\u00e2ce \u00e0 cet effort collectif, Seyssins est arm\u00e9 pour relever les d\u00e9fis : l\u2019adaptation au<br>changement climatique pour tous et l\u2019accompagnement de nos a\u00een\u00e9s.<br>C\u2019est pr\u00e9cis\u00e9ment cette conscience du travail \u00e0 poursuivre qui me pousse \u00e0 me<br>pr\u00e9senter devant vous aujourd\u2019hui.<\/p>\n\n\n\n<p><strong>Pourquoi continuer ?<\/strong><br>Lorsqu\u2019on me demande si je suis fatigu\u00e9 par les outrances du politique, la disparition<br>des aides financi\u00e8res d\u2019\u00c9tat, l\u2019agressivit\u00e9 envers les \u00e9lus\u2026 ma r\u00e9ponse est simple : on<br>ne se lasse pas d\u2019aimer sa ville. Je suis candidat parce que ma motivation est intacte.<br>Je veux continuer \u00e0 prot\u00e9ger cet esprit de village auquel nous tenons tant. Je veux<br>que Seyssins reste cette ville dynamique \u00e0 taille humaine, o\u00f9 l\u2019on se conna\u00eet, o\u00f9 l\u2019on<br>se salue, o\u00f9 la solidarit\u00e9 n\u2019est pas un vain mot.<br>Depuis pr\u00e8s de trente ans, je suis investi \u00e0 Seyssins, la ville que j\u2019aime et qui a vu<br>grandir mes trois enfants. Concern\u00e9 par la question du handicap, je suis tr\u00e8s attach\u00e9<br>\u00e0 la qualit\u00e9 des espaces publics, de l\u2019offre associative, des services. J\u2019ai tr\u00e8s \u00e0 coeur<br>de d\u00e9fendre et de conforter cette qualit\u00e9 de vie, notre mod\u00e8le. Seyssins doit rester<br>l\u2019une des communes les plus recherch\u00e9es de l\u2019agglom\u00e9ration.<br>Mes engagements : travail, sinc\u00e9rit\u00e9, courage<br>Pour ce nouveau mandat, je ne vous ferai pas de promesses irr\u00e9alistes. Je laisse cela<br>\u00e0 d\u2019autres, qui vous promettront toujours plus, tout en oubliant d\u2019expliquer comment<br>le financer. Les temps sont exigeants et demandent du s\u00e9rieux. Je vous promets en<br>revanche, d\u2019\u00eatre \u00e0 l\u2019\u00e9coute et disponible comme je le suis toujours. Je vous promets<br>d\u2019\u00eatre un gestionnaire rigoureux, et que chaque euro qui sera d\u00e9pens\u00e9 sera un euro<br>utile \u00e0 l\u2019int\u00e9r\u00eat g\u00e9n\u00e9ral. Je vous promets un engagement total pour la s\u00e9curit\u00e9 et pour<br>l\u2019environnement, pour nos a\u00een\u00e9s, pour nos familles et pour nos jeunes.<br>Pour ce faire, je ne repars pas seul. Mon \u00e9quipe vous ressemblera, constitu\u00e9e de<br>citoyens que vous connaissez d\u00e9j\u00e0, forts de leur exp\u00e9rience, et de nouveaux regards,<br>des porteurs d\u2019id\u00e9es neuves. Cette \u00e9quipe soud\u00e9e sera au-dessus des \u00e9tiquettes<br>politiques, enti\u00e8rement \u00e0 l\u2019\u00e9coute et d\u00e9vou\u00e9e \u00e0 Seyssins.<br><strong>Ensemble, continuons le travail<\/strong><br>Je connais la valeur de votre confiance. Elle se m\u00e9rite jour apr\u00e8s jour. C\u2019est avec une<br>d\u00e9termination renouvel\u00e9e que je vous propose de poursuivre cette aventure humaine<br>et de cultiver toujours une exigence d\u2019excellence pour notre ville.<br>Pour ces raisons, je vous invite \u00e0 vous inscrire sur les listes \u00e9lectorales avant le<br>6 f\u00e9vrier 2026. Je vous demande ensuite de vous mobiliser, en mars 2026, de voter et<br>de faire voter pour la liste Seyssins Nature et Solidaire que je conduis. Chaque vote<br>compte et rien n\u2019est jamais jou\u00e9 d\u2019avance. Mais surtout, nous devons avoir la force et<br>la l\u00e9gitimit\u00e9 n\u00e9cessaire pour vous d\u00e9fendre, vous repr\u00e9senter, et notamment dans la<br>M\u00e9tropole de Grenoble.<\/p>\n\n\n\n<p><br>Restant toujours \u00e0 votre disposition, je vous prie d\u2019agr\u00e9er, Madame, Monsieur,<br>l\u2019expression de mes sentiments d\u00e9vou\u00e9s.<\/p>\n\n\n\n<p class=\"has-text-align-right\"><strong>Fabrice Hugel\u00e9<\/strong><\/p>\n<\/div>\n<\/div>\n<\/div>\n\n\n\n<figure class=\"wp-block-embed is-type-video is-provider-youtube wp-block-embed-youtube wp-embed-aspect-16-9 wp-has-aspect-ratio\"><div class=\"wp-block-embed__wrapper\">\n<iframe loading=\"lazy\" title=\"Fabrice HUGEL\u00c9, Maire de Seyssins, est candidat \u00e0 sa r\u00e9\u00e9lection au \u00e9lection municipales 2026\" width=\"500\" height=\"281\" src=\"https:\/\/www.youtube.com\/embed\/-Q86DR_lxZc?feature=oembed\" frameborder=\"0\" allow=\"accelerometer; autoplay; clipboard-write; encrypted-media; gyroscope; picture-in-picture; web-share\" referrerpolicy=\"strict-origin-when-cross-origin\" allowfullscreen><\/iframe>\n<\/div><\/figure>\n<\/div>\n<\/div>\n","protected":false},"excerpt":{"rendered":"<p>Madame, Monsieur, Les \u00e9lections municipales auront lieu les 15 et 22 mars 2026. Autour des terrains desport, lors des nombreuses animations culturelles et des r\u00e9unions publiques o\u00f9 nousnous rencontrons, vous \u00eates nombreux \u00e0 me demander si je suis \u00e0 nouveau candidataux fonctions de Maire. Vos paroles, souvent, me touchent.\u00catre maire d\u2019une ville de 8 300 [&hellip;]<\/p>\n","protected":false},"author":1,"featured_media":0,"parent":0,"menu_order":1,"comment_status":"closed","ping_status":"closed","template":"","meta":{"footnotes":""},"class_list":["post-113","page","type-page","status-publish","hentry"],"_links":{"self":[{"href":"https:\/\/fabricehugele2026.fr\/index.php\/wp-json\/wp\/v2\/pages\/113","targetHints":{"allow":["GET"]}}],"collection":[{"href":"https:\/\/fabricehugele2026.fr\/index.php\/wp-json\/wp\/v2\/pages"}],"about":[{"href":"https:\/\/fabricehugele2026.fr\/index.php\/wp-json\/wp\/v2\/types\/page"}],"author":[{"embeddable":true,"href":"https:\/\/fabricehugele2026.fr\/index.php\/wp-json\/wp\/v2\/users\/1"}],"replies":[{"embeddable":true,"href":"https:\/\/fabricehugele2026.fr\/index.php\/wp-json\/wp\/v2\/comments?post=113"}],"version-history":[{"count":17,"href":"https:\/\/fabricehugele2026.fr\/index.php\/wp-json\/wp\/v2\/pages\/113\/revisions"}],"predecessor-version":[{"id":261,"href":"https:\/\/fabricehugele2026.fr\/index.php\/wp-json\/wp\/v2\/pages\/113\/revisions\/261"}],"wp:attachment":[{"href":"https:\/\/fabricehugele2026.fr\/index.php\/wp-json\/wp\/v2\/media?parent=113"}],"curies":[{"name":"wp","href":"https:\/\/api.w.org\/{rel}","templated":true}]}}